{"id":1073,"date":"2021-01-31T22:04:06","date_gmt":"2021-01-31T22:04:06","guid":{"rendered":"https:\/\/glad.ca\/communiquez-avec-nous\/"},"modified":"2024-10-02T15:48:37","modified_gmt":"2024-10-02T15:48:37","slug":"nous-joindre","status":"publish","type":"page","link":"https:\/\/www.glad.ca\/fr\/nous-joindre\/","title":{"rendered":"Communiquez avec nous1"},"content":{"rendered":"\n<p>Du lundi au vendredi, de 9 h \u00e0 17 h 30 (HE)<br><strong>T\u00e9l\u00e9phone (sans frais):<\/strong> 1-800-561-5372<\/p>\n\n\n\n<p><strong>Connectez-vous avec nous<br><\/strong>Joignez-vous \u00e0 la conversation sur<\/p>\n\n\n\n<div class=\"social-icons\">\n  <a href=\"https:\/\/www.facebook.com\/gladcanada\" target=\"_blank\" rel=\"noopener noreferrer\"><i class=\"fab fa-facebook-f\"><\/i><\/a>\n  <a href=\"https:\/\/www.youtube.com\/c\/GladCanada\" target=\"_blank\" rel=\"noopener noreferrer\"><i class=\"fab fa-youtube\"><\/i><\/a>\n<\/div>\n","protected":false},"excerpt":{"rendered":"<p>Du lundi au vendredi, de 9 h \u00e0 17 h 30 (HE)T\u00e9l\u00e9phone (sans frais): 1-800-561-5372 Connectez-vous avec nousJoignez-vous \u00e0 la conversation sur<\/p>\n","protected":false},"author":1,"featured_media":0,"parent":0,"menu_order":0,"comment_status":"closed","ping_status":"closed","template":"page-contact-us.php","meta":{"_acf_changed":false,"footnotes":""},"class_list":["post-1073","page","type-page","status-publish","hentry"],"acf":[],"_links":{"self":[{"href":"https:\/\/www.glad.ca\/fr\/wp-json\/wp\/v2\/pages\/1073","targetHints":{"allow":["GET"]}}],"collection":[{"href":"https:\/\/www.glad.ca\/fr\/wp-json\/wp\/v2\/pages"}],"about":[{"href":"https:\/\/www.glad.ca\/fr\/wp-json\/wp\/v2\/types\/page"}],"author":[{"embeddable":true,"href":"https:\/\/www.glad.ca\/fr\/wp-json\/wp\/v2\/users\/1"}],"replies":[{"embeddable":true,"href":"https:\/\/www.glad.ca\/fr\/wp-json\/wp\/v2\/comments?post=1073"}],"version-history":[{"count":7,"href":"https:\/\/www.glad.ca\/fr\/wp-json\/wp\/v2\/pages\/1073\/revisions"}],"predecessor-version":[{"id":1438,"href":"https:\/\/www.glad.ca\/fr\/wp-json\/wp\/v2\/pages\/1073\/revisions\/1438"}],"wp:attachment":[{"href":"https:\/\/www.glad.ca\/fr\/wp-json\/wp\/v2\/media?parent=1073"}],"curies":[{"name":"wp","href":"https:\/\/api.w.org\/{rel}","templated":true}]}}